{"id":9590,"date":"2022-04-03T17:58:12","date_gmt":"2022-04-03T15:58:12","guid":{"rendered":"https:\/\/academicvision.nl\/bouwen-aan-sterke-onderwijs-teams\/"},"modified":"2025-06-10T02:23:00","modified_gmt":"2025-06-10T00:23:00","slug":"building-strong-teams-in-education","status":"publish","type":"page","link":"https:\/\/academicvision.nl\/en\/building-strong-teams-in-education\/","title":{"rendered":"Building Strong Teams in Education"},"content":{"rendered":"\n<h1>\n\t\t<em>Building Strong Teams in Education <\/em>\n\t<\/h1>\n\t<p>A new concise and inspiring leadershipprogram<\/p>\n\t\t\t<a href=\"#intro\" target=\"_self\"  aria-label=\"Tell me more\">\n\t\t\t\t\t\t\t\tTell me more\n\t\t\t\t\t\t\t<\/a>\n\t\t\t<a href=\"tel:+31624090524\" target=\"_self\"   aria-label=\"Let's connect \">\n\t\t\t\t\t\t\t\tLet&#8217;s connect \n\t\t\t\t\t\t\t<\/a>\n\t<h2>How to<br \/>\nbuild a vital and effective team in education?<\/h2>\n\t<strong><i>How do you motivate your team to work together?<br \/>\nWhat are the conditions for pleasant and efficient team collaboration?<br \/>\nShared responsibility &#8211; sounds good, but how?<br \/>\nAs a leader, how do you provide space while maintaining leadership?<\/i><\/strong>\n\t<p>&nbsp;<\/p>\n<p>These (and many others) are the questions we will dwell on in the leadership program &#8216;Building Strong Teams in Education&#8217;, an inspirational and hands-on program to support you in your leadership development and in building a strong educational team.<\/p>\n<p>The program focuses on the combination of\u00a0<strong>personal\u00a0leadership and team leadership\u00a0<\/strong>development.<\/p>\n\t<h2>Current Leadership topics<\/h2>\n<p>Guided by topics that stimulate effectiveness and engagement within a team, participants develop and apply knowledge and create further awareness. Topics to be discussed are (amongst others):\u00a0<strong>Motivation, Meaningfulness, Safety, Recognition &amp; Appreciation, Autonomy, Development, and Connection.<\/strong>These topics have emerged in current literature about leadership, such as &#8216;Care to dare&#8217; by prof. dr. George Kohlrieser and &#8216;Servant Leadership&#8217; by dr. Inge Nuijten.<\/p>\n\t\t\t\t<img loading=\"lazy\" decoding=\"async\" src=\"https:\/\/academicvision.nl\/wp-content\/uploads\/2023\/01\/Afbeelding3.png\" alt=\"Afbeelding3\" itemprop=\"image\" height=\"695\" width=\"945\" title=\"Afbeelding3\" onerror=\"this.style.display='none'\"  \/>\n\t\t\t\t<img loading=\"lazy\" decoding=\"async\" src=\"https:\/\/academicvision.nl\/wp-content\/uploads\/2022\/06\/PeVa_smoelenboek_Scheikunde-sessie_21_april_2022-231-scaled-e1675019469497.jpg\" alt=\"Marie-Louise Blankesteijn -AcademicVision\" itemprop=\"image\" height=\"941\" width=\"1046\" title=\"Marie-Louise Blankesteijn AcademicVision\" onerror=\"this.style.display='none'\"  \/>\n\t<p><em><strong>&#8220;This program is a source of inspiration if you want to develop yourself further as a manager of educational teams from a refreshing and innovative view on organization.&#8221;<\/strong><\/em><\/p>\n\t<h2>Marloes Blankestijn &#8211; Acting Program Director Science, Business and Innovation, Vrije Universiteit\u00a0<\/h2>\n\t<h3>7 concise and powerful sessions<\/h3>\n<p>After the intake session, the program consists of 7 short &amp; powerful half-day sessions that take place in an external venue. By providing literal distance and space, this external location helps participants learn about and reflect on their teams and their (future) role as team leaders. The program is spread over 8 months, thus granting participants the time and space to apply insights and learnings into practice despite their full calendars.<\/p>\n\t\t\t\t<img loading=\"lazy\" decoding=\"async\" src=\"https:\/\/academicvision.nl\/wp-content\/uploads\/2022\/06\/IMG_4749-1-scaled-e1654629716472.jpg\" alt=\"Bouwen aan sterke onderwijsteams 2022\" itemprop=\"image\" height=\"1625\" width=\"2560\" title=\"IMG_4749\" onerror=\"this.style.display='none'\"  \/>\n\t<p><em>&#8220;I can now fulfill my role more remotely, without losing connection with my team.&#8221;<\/em><\/p>\n\t<h3>Results<\/h3>\nIn short, an opportunity to achieve the following results:\n\t\t\t\t<img decoding=\"async\" src=\"https:\/\/academicvision.nl\/wp-content\/uploads\/bb-plugin\/cache\/Madeleine-circle.jpg\" alt=\"\" title=\"\" itemprop=\"image\"\/>\n\t\t\t\t\t\t\t&#8220;We learn from each other&#8217;s experiences and support each other in matters that are not going as well. The program provides clear starting points for learning about, with and from the team.&#8221;\t\t\t\t\t\t\n\t\t\t\t\t\t\t\tMadeleine Brouns ~ Program coordinator BSc Health &amp; Life Sciences, VU\t\t\t\t\t\t\t\t\n\t\t\t\t<img decoding=\"async\" src=\"https:\/\/academicvision.nl\/wp-content\/uploads\/bb-plugin\/cache\/Bella-van-Erp-1-circle.jpg\" alt=\"Bella-van-Erp-AcademicVision\" title=\"Bella van Erp AcademicVision\" itemprop=\"image\"\/>\n\t\t\t\t\t\t\t<p>&#8220;Each session I learn substantively about the subject, reflect on my own situation and am invited to think about how I can improve this in my team.&#8221;<\/p>\t\t\t\t\t\t\n\t\t\t\t\t\t\t\tBella van Erp ~ Bachelor Coordinator Pedagogic Science, VU\t\t\t\t\t\t\t\t\n\t\t\t\t<img decoding=\"async\" src=\"https:\/\/academicvision.nl\/wp-content\/uploads\/bb-plugin\/cache\/1C50E6B2-A3BF-4850-8A0F-CDF5AC325D3F-circle.jpeg\" alt=\"Jurgen Haanstra-AcademicVision\" title=\"Jurgen Haanstra AcademicVision\" itemprop=\"image\"\/>\n\t\t\t\t\t\t\t<p>&#8220;The evidence-based sessions \u00a0gave me insights that I have been able to use to strengthen both my teaching team and my research team. Thank you for creating this inspiring course!&#8221;<\/p>\t\t\t\t\t\t\n\t\t\t\t\t\t\t\tJurgen Haanstra ~ Managing director of the Amsterdam Institute of Molecular and Life Sciences\t\t\t\t\t\t\t\t\n\t\t\t\t<img decoding=\"async\" src=\"https:\/\/academicvision.nl\/wp-content\/uploads\/bb-plugin\/cache\/Marina_crop-e1675164591789-circle.jpeg\" alt=\"Marina de Regt-AcademicVision\" title=\"Marina de Regt AcademicVision\" itemprop=\"image\"\/>\n\t\t\t\t\t\t\t<p>&#8220;Not only did I learn a lot but I also really enjoyed the meetings of the BASOT. The focus on values, on personal development and on creating a safe space in which we can learn from each other has inspired me and I fondly think back to the mornings in the Space and Mid-West!&#8221;<\/p>\t\t\t\t\t\t\n\t\t\t\t\t\t\t\tMarina de Regt ~ Associate Professor and Programme Director at the Department of Social and Cultural Anthropology, Vrije Universiteit\t\t\t\t\t\t\t\t\n\t\t\t\t<img decoding=\"async\" src=\"https:\/\/academicvision.nl\/wp-content\/uploads\/bb-plugin\/cache\/Stan--scaled-circle.jpeg\" alt=\"Stan Buijs- AcademicVision\" title=\"Stan Buijs- AcademicVision\" itemprop=\"image\"\/>\n\t\t\t\t\t\t\t<p>&#8220;Just as the BKO or BDB certifications are mandatory for teaching in higher education, Building Strong Teams in Education could be considered mandatory for anyone leading an educational team in higher education. It offers invaluable insights and skills crucial for effective team leadership in the academic setting.&#8221;<\/p>\u00a0\u00a0\u00a0\u00a0\u00a0\u00a0\t\t\t\t\t\t\n\t\t\t\t\t\t\t\tStan Buis ~ Coordinator VU &amp; AmsterdamUMC  \t\t\t\t\t\t\t\t\n\t\t\t\t<img decoding=\"async\" src=\"https:\/\/academicvision.nl\/wp-content\/uploads\/bb-plugin\/cache\/Erwin-Bouwen-Aan-Sterke-Onderwijs-Teams-scaled-circle.jpg\" alt=\"Erwin van Vliet- AcademicVision\" title=\"Erwin van Vliet- AcademicVision\" itemprop=\"image\"\/>\n\t\t\t\t\t\t\t<p>&#8220;The Building Stromg Teams in Education program has provided me with insights into the foundational elements necessary for growth and development. I&#8217;ve learned how to apply these building blocks in personal leadership and team management, resulting in an inspired team eager to collaboratively advance sustainable education. Alies and Vivianne skillfully guide you through reflecting on your own situation and that of your team in a professional manner. Their enthusiasm and commitment are truly infectious!&#8221;<\/p>\t\t\t\t\t\t\n\t\t\t\t\t\t\t\tErwin van Vliet ~ Programme director Psychobiology, UvA\t\t\t\t\t\t\t\t\n\t<h2>\n\t\tLocation\n\t<\/h2>\n\tTeams in Education&#8217; program is preferably provided at a location outside the organization. Our experience is that being literally at a distance from the working environment promotes the process of reflection and development of the participants. We have good relationships with affordable locations and can help you find a suitable location if desired.\n<h2>\n\t\t Coordination Team\n\t<\/h2>\n\t<p>This program is facilitated by Vivianne Tolen and Alies Zijlstra. They are both highly experienced leadership coaches with a broad experience in different educational organizations. They are involved in several leadership programs, such as the Senior Teaching Qualification and the Educational Leadership Course, and provide leadership coaching and guidance for management teams in education.<\/p>\n\t\t\t\t<img decoding=\"async\" src=\"https:\/\/academicvision.nl\/wp-content\/uploads\/bb-plugin\/cache\/Alies-rond-circle.jpg\" alt=\"Alies Zijlstra - AcademicVision\" title=\"Alies Zijlstra AcademicVision\" itemprop=\"image\"\/>\n\t\t<h4>\n\t\t Alies Zijlstra\n\t<\/h4>\n\t<p><em>Founder, leadership coach and mediator<\/em><\/p>\n\t\t\t\t<img decoding=\"async\" src=\"https:\/\/academicvision.nl\/wp-content\/uploads\/bb-plugin\/cache\/Vivianne-rond-circle.png\" alt=\"Vivianne rond\" title=\"Vivianne rond\" itemprop=\"image\"\/>\n\t\t<h4>\n\t\tVivianne Tolen\n\t<\/h4>\n\t<p><em>Partner, leadership coach and facilitator<\/em><\/p>\n\t<p><em>&#8220;It&#8217;s nice to see that even small changes can make big differences!&#8221;<\/em><\/p>\n<h2>\n\t\tEvaluation\n\t<\/h2>\n\tAll our support programs and coaching sessions are evaluated by both the participants and the clients.<br \/>\nWhat they appreciate in particular is:\u00a0<strong>&#8220;The expertise and personal involvement of the coaches&#8221;<\/strong>,\u00a0<strong>&#8220;the open and inspring atmosphere&#8221;<\/strong>\u00a0and\u00a0<strong>&#8220;the attention for both professional \u00e1nd personal development&#8221;<\/strong>.\n\t\t\t\t<img loading=\"lazy\" decoding=\"async\" src=\"https:\/\/academicvision.nl\/wp-content\/uploads\/2023\/02\/Programma-scaled.jpg\" alt=\"Programma\" itemprop=\"image\" height=\"2560\" width=\"1216\" title=\"Programma\" onerror=\"this.style.display='none'\"  \/>\n\t<h3>Building Strong Teams in Education in Online Magazine VU<\/h3>\n\n\t<p>Interview with Jelle Tichelaar, lector at Hogeschool InHolland and head of a large teaching team Amsterdam UMC):<\/p>\n<strong>Pause button<\/strong><br \/>\n&#8220;The &#8216;Building Strong Education Teams&#8217; program that I completed at the end of last year worked like a pause button for me and felt like a gift to myself. This was mainly due to the design of the program. All meetings took place at external locations, which gave you the feeling of getting away from it all.&#8221;\n<strong>Surprising insights<\/strong><br \/>\n&#8220;During the substantive modules of the program, we discussed the five building blocks of (team) leadership. These subjects provided me with beautiful, sometimes surprising insights&#8230;|&#8221;\n\t\t\t\t<img loading=\"lazy\" decoding=\"async\" src=\"https:\/\/academicvision.nl\/wp-content\/uploads\/2025\/02\/AV-bird-white-PNG.png\" alt=\"AV bird white PNG\" itemprop=\"image\" height=\"912\" width=\"998\" title=\"AV bird white PNG\" onerror=\"this.style.display='none'\"  \/>\n\t<h1><strong><em>Ready for more connection and leadership?\u00a0<\/em><\/strong><\/h1>\n<p>Get in touch with us!<\/p>\n\t\t\t<a href=\"tel:+31624090524\" target=\"_self\"  aria-label=\"Call now\">\n\t\t\t\t\t\t\t\tCall now\n\t\t\t\t\t\t\t<\/a>\n\t\t\t<a href=\"mailto:info@academicvision.nl\" target=\"_self\"   aria-label=\"Email us \">\n\t\t\t\t\t\t\t\tEmail us \n\t\t\t\t\t\t\t<\/a>\n\n","protected":false},"excerpt":{"rendered":"<p>Building Strong Teams in Education A new concise and inspiring leadershipprogram Tell me more Let&#8217;s connect How to build a vital and effective team in education? How do you motivate your team to work together? What are the conditions for pleasant and efficient team collaboration? Shared responsibility &#8211; sounds good, but how? As a leader,&hellip;<\/p>\n","protected":false},"author":1,"featured_media":7988,"parent":0,"menu_order":0,"comment_status":"closed","ping_status":"closed","template":"","meta":{"footnotes":""},"class_list":["post-9590","page","type-page","status-publish","has-post-thumbnail","hentry"],"yoast_head":"<!-- This site is optimized with the Yoast SEO plugin v27.3 - https:\/\/yoast.com\/product\/yoast-seo-wordpress\/ -->\n<title>Building Strong Teams in Education - Academic Vision<\/title>\n<meta name=\"description\" content=\"An inspirational and hands-on program to support you in your leadership development and in building a strong educational team.\" \/>\n<meta name=\"robots\" content=\"index, follow, max-snippet:-1, max-image-preview:large, max-video-preview:-1\" \/>\n<link rel=\"canonical\" href=\"https:\/\/academicvision.nl\/en\/building-strong-teams-in-education\/\" \/>\n<meta property=\"og:locale\" content=\"en_US\" \/>\n<meta property=\"og:type\" content=\"article\" \/>\n<meta property=\"og:title\" content=\"Building Strong Teams in Education - Academic Vision\" \/>\n<meta property=\"og:description\" content=\"An inspirational and hands-on program to support you in your leadership development and in building a strong educational team.\" \/>\n<meta property=\"og:url\" content=\"https:\/\/academicvision.nl\/en\/building-strong-teams-in-education\/\" \/>\n<meta property=\"og:site_name\" content=\"Academic Vision\" \/>\n<meta property=\"article:modified_time\" content=\"2025-06-10T00:23:00+00:00\" \/>\n<meta property=\"og:image\" content=\"https:\/\/academicvision.nl\/wp-content\/uploads\/2022\/05\/training-effectief-samenwerken-e1653663768886.jpg\" \/>\n\t<meta property=\"og:image:width\" content=\"713\" \/>\n\t<meta property=\"og:image:height\" content=\"312\" \/>\n\t<meta property=\"og:image:type\" content=\"image\/jpeg\" \/>\n<meta name=\"twitter:card\" content=\"summary_large_image\" \/>\n<meta name=\"twitter:label1\" content=\"Est. reading time\" \/>\n\t<meta name=\"twitter:data1\" content=\"15 minutes\" \/>\n<script type=\"application\/ld+json\" class=\"yoast-schema-graph\">{\"@context\":\"https:\\\/\\\/schema.org\",\"@graph\":[{\"@type\":\"WebPage\",\"@id\":\"https:\\\/\\\/academicvision.nl\\\/en\\\/building-strong-teams-in-education\\\/\",\"url\":\"https:\\\/\\\/academicvision.nl\\\/en\\\/building-strong-teams-in-education\\\/\",\"name\":\"Building Strong Teams in Education - Academic Vision\",\"isPartOf\":{\"@id\":\"https:\\\/\\\/academicvision.nl\\\/#website\"},\"primaryImageOfPage\":{\"@id\":\"https:\\\/\\\/academicvision.nl\\\/en\\\/building-strong-teams-in-education\\\/#primaryimage\"},\"image\":{\"@id\":\"https:\\\/\\\/academicvision.nl\\\/en\\\/building-strong-teams-in-education\\\/#primaryimage\"},\"thumbnailUrl\":\"https:\\\/\\\/academicvision.nl\\\/wp-content\\\/uploads\\\/2022\\\/05\\\/training-effectief-samenwerken-e1653663768886.jpg\",\"datePublished\":\"2022-04-03T15:58:12+00:00\",\"dateModified\":\"2025-06-10T00:23:00+00:00\",\"description\":\"An inspirational and hands-on program to support you in your leadership development and in building a strong educational team.\",\"breadcrumb\":{\"@id\":\"https:\\\/\\\/academicvision.nl\\\/en\\\/building-strong-teams-in-education\\\/#breadcrumb\"},\"inLanguage\":\"en-US\",\"potentialAction\":[{\"@type\":\"ReadAction\",\"target\":[\"https:\\\/\\\/academicvision.nl\\\/en\\\/building-strong-teams-in-education\\\/\"]}]},{\"@type\":\"ImageObject\",\"inLanguage\":\"en-US\",\"@id\":\"https:\\\/\\\/academicvision.nl\\\/en\\\/building-strong-teams-in-education\\\/#primaryimage\",\"url\":\"https:\\\/\\\/academicvision.nl\\\/wp-content\\\/uploads\\\/2022\\\/05\\\/training-effectief-samenwerken-e1653663768886.jpg\",\"contentUrl\":\"https:\\\/\\\/academicvision.nl\\\/wp-content\\\/uploads\\\/2022\\\/05\\\/training-effectief-samenwerken-e1653663768886.jpg\",\"width\":713,\"height\":312,\"caption\":\"Viele H\u00e4nde als Turm gestapelt als Symbol f\u00fcr Unterst\u00fctzung und Teamwork\"},{\"@type\":\"BreadcrumbList\",\"@id\":\"https:\\\/\\\/academicvision.nl\\\/en\\\/building-strong-teams-in-education\\\/#breadcrumb\",\"itemListElement\":[{\"@type\":\"ListItem\",\"position\":1,\"name\":\"Home\",\"item\":\"https:\\\/\\\/academicvision.nl\\\/en\\\/\"},{\"@type\":\"ListItem\",\"position\":2,\"name\":\"Building Strong Teams in Education\"}]},{\"@type\":\"WebSite\",\"@id\":\"https:\\\/\\\/academicvision.nl\\\/#website\",\"url\":\"https:\\\/\\\/academicvision.nl\\\/\",\"name\":\"Academic Vision\",\"description\":\"Serving higher education\",\"publisher\":{\"@id\":\"https:\\\/\\\/academicvision.nl\\\/#organization\"},\"potentialAction\":[{\"@type\":\"SearchAction\",\"target\":{\"@type\":\"EntryPoint\",\"urlTemplate\":\"https:\\\/\\\/academicvision.nl\\\/?s={search_term_string}\"},\"query-input\":{\"@type\":\"PropertyValueSpecification\",\"valueRequired\":true,\"valueName\":\"search_term_string\"}}],\"inLanguage\":\"en-US\"},{\"@type\":\"Organization\",\"@id\":\"https:\\\/\\\/academicvision.nl\\\/#organization\",\"name\":\"Academic Vision\",\"url\":\"https:\\\/\\\/academicvision.nl\\\/\",\"logo\":{\"@type\":\"ImageObject\",\"inLanguage\":\"en-US\",\"@id\":\"https:\\\/\\\/academicvision.nl\\\/#\\\/schema\\\/logo\\\/image\\\/\",\"url\":\"https:\\\/\\\/academicvision.nl\\\/wp-content\\\/uploads\\\/2018\\\/06\\\/logo-academic-vision-180.png\",\"contentUrl\":\"https:\\\/\\\/academicvision.nl\\\/wp-content\\\/uploads\\\/2018\\\/06\\\/logo-academic-vision-180.png\",\"width\":180,\"height\":38,\"caption\":\"Academic Vision\"},\"image\":{\"@id\":\"https:\\\/\\\/academicvision.nl\\\/#\\\/schema\\\/logo\\\/image\\\/\"}}]}<\/script>\n<!-- \/ Yoast SEO plugin. -->","yoast_head_json":{"title":"Building Strong Teams in Education - Academic Vision","description":"An inspirational and hands-on program to support you in your leadership development and in building a strong educational team.","robots":{"index":"index","follow":"follow","max-snippet":"max-snippet:-1","max-image-preview":"max-image-preview:large","max-video-preview":"max-video-preview:-1"},"canonical":"https:\/\/academicvision.nl\/en\/building-strong-teams-in-education\/","og_locale":"en_US","og_type":"article","og_title":"Building Strong Teams in Education - Academic Vision","og_description":"An inspirational and hands-on program to support you in your leadership development and in building a strong educational team.","og_url":"https:\/\/academicvision.nl\/en\/building-strong-teams-in-education\/","og_site_name":"Academic Vision","article_modified_time":"2025-06-10T00:23:00+00:00","og_image":[{"width":713,"height":312,"url":"https:\/\/academicvision.nl\/wp-content\/uploads\/2022\/05\/training-effectief-samenwerken-e1653663768886.jpg","type":"image\/jpeg"}],"twitter_card":"summary_large_image","twitter_misc":{"Est. reading time":"15 minutes"},"schema":{"@context":"https:\/\/schema.org","@graph":[{"@type":"WebPage","@id":"https:\/\/academicvision.nl\/en\/building-strong-teams-in-education\/","url":"https:\/\/academicvision.nl\/en\/building-strong-teams-in-education\/","name":"Building Strong Teams in Education - Academic Vision","isPartOf":{"@id":"https:\/\/academicvision.nl\/#website"},"primaryImageOfPage":{"@id":"https:\/\/academicvision.nl\/en\/building-strong-teams-in-education\/#primaryimage"},"image":{"@id":"https:\/\/academicvision.nl\/en\/building-strong-teams-in-education\/#primaryimage"},"thumbnailUrl":"https:\/\/academicvision.nl\/wp-content\/uploads\/2022\/05\/training-effectief-samenwerken-e1653663768886.jpg","datePublished":"2022-04-03T15:58:12+00:00","dateModified":"2025-06-10T00:23:00+00:00","description":"An inspirational and hands-on program to support you in your leadership development and in building a strong educational team.","breadcrumb":{"@id":"https:\/\/academicvision.nl\/en\/building-strong-teams-in-education\/#breadcrumb"},"inLanguage":"en-US","potentialAction":[{"@type":"ReadAction","target":["https:\/\/academicvision.nl\/en\/building-strong-teams-in-education\/"]}]},{"@type":"ImageObject","inLanguage":"en-US","@id":"https:\/\/academicvision.nl\/en\/building-strong-teams-in-education\/#primaryimage","url":"https:\/\/academicvision.nl\/wp-content\/uploads\/2022\/05\/training-effectief-samenwerken-e1653663768886.jpg","contentUrl":"https:\/\/academicvision.nl\/wp-content\/uploads\/2022\/05\/training-effectief-samenwerken-e1653663768886.jpg","width":713,"height":312,"caption":"Viele H\u00e4nde als Turm gestapelt als Symbol f\u00fcr Unterst\u00fctzung und Teamwork"},{"@type":"BreadcrumbList","@id":"https:\/\/academicvision.nl\/en\/building-strong-teams-in-education\/#breadcrumb","itemListElement":[{"@type":"ListItem","position":1,"name":"Home","item":"https:\/\/academicvision.nl\/en\/"},{"@type":"ListItem","position":2,"name":"Building Strong Teams in Education"}]},{"@type":"WebSite","@id":"https:\/\/academicvision.nl\/#website","url":"https:\/\/academicvision.nl\/","name":"Academic Vision","description":"Serving higher education","publisher":{"@id":"https:\/\/academicvision.nl\/#organization"},"potentialAction":[{"@type":"SearchAction","target":{"@type":"EntryPoint","urlTemplate":"https:\/\/academicvision.nl\/?s={search_term_string}"},"query-input":{"@type":"PropertyValueSpecification","valueRequired":true,"valueName":"search_term_string"}}],"inLanguage":"en-US"},{"@type":"Organization","@id":"https:\/\/academicvision.nl\/#organization","name":"Academic Vision","url":"https:\/\/academicvision.nl\/","logo":{"@type":"ImageObject","inLanguage":"en-US","@id":"https:\/\/academicvision.nl\/#\/schema\/logo\/image\/","url":"https:\/\/academicvision.nl\/wp-content\/uploads\/2018\/06\/logo-academic-vision-180.png","contentUrl":"https:\/\/academicvision.nl\/wp-content\/uploads\/2018\/06\/logo-academic-vision-180.png","width":180,"height":38,"caption":"Academic Vision"},"image":{"@id":"https:\/\/academicvision.nl\/#\/schema\/logo\/image\/"}}]}},"_links":{"self":[{"href":"https:\/\/academicvision.nl\/en\/wp-json\/wp\/v2\/pages\/9590","targetHints":{"allow":["GET"]}}],"collection":[{"href":"https:\/\/academicvision.nl\/en\/wp-json\/wp\/v2\/pages"}],"about":[{"href":"https:\/\/academicvision.nl\/en\/wp-json\/wp\/v2\/types\/page"}],"author":[{"embeddable":true,"href":"https:\/\/academicvision.nl\/en\/wp-json\/wp\/v2\/users\/1"}],"replies":[{"embeddable":true,"href":"https:\/\/academicvision.nl\/en\/wp-json\/wp\/v2\/comments?post=9590"}],"version-history":[{"count":32,"href":"https:\/\/academicvision.nl\/en\/wp-json\/wp\/v2\/pages\/9590\/revisions"}],"predecessor-version":[{"id":11524,"href":"https:\/\/academicvision.nl\/en\/wp-json\/wp\/v2\/pages\/9590\/revisions\/11524"}],"wp:featuredmedia":[{"embeddable":true,"href":"https:\/\/academicvision.nl\/en\/wp-json\/wp\/v2\/media\/7988"}],"wp:attachment":[{"href":"https:\/\/academicvision.nl\/en\/wp-json\/wp\/v2\/media?parent=9590"}],"curies":[{"name":"wp","href":"https:\/\/api.w.org\/{rel}","templated":true}]}}